{"id":11,"date":"2023-12-18T11:16:45","date_gmt":"2023-12-18T10:16:45","guid":{"rendered":"https:\/\/klimafittegemeinde.com\/?page_id=11"},"modified":"2023-12-19T12:22:10","modified_gmt":"2023-12-19T11:22:10","slug":"ueber-das-projekt","status":"publish","type":"page","link":"https:\/\/klimafittegemeinde.com\/?page_id=11","title":{"rendered":"\u00dcber das Projekt"},"content":{"rendered":"\n<div class=\"wp-block-group alignfull has-accent-background-color has-background has-global-padding is-layout-constrained wp-container-core-group-is-layout-669513ed wp-block-group-is-layout-constrained\" style=\"margin-top:0;margin-bottom:0;padding-top:var(--wp--preset--spacing--50);padding-right:var(--wp--preset--spacing--50);padding-bottom:var(--wp--preset--spacing--50);padding-left:var(--wp--preset--spacing--50)\">\n<div class=\"wp-block-columns alignwide is-layout-flex wp-container-core-columns-is-layout-1da03c2a wp-block-columns-is-layout-flex\">\n<div class=\"wp-block-column is-vertically-aligned-stretch is-layout-flow wp-block-column-is-layout-flow\" style=\"flex-basis:50%\">\n<div class=\"wp-block-group is-vertical is-content-justification-stretch is-layout-flex wp-container-core-group-is-layout-444d5ee8 wp-block-group-is-layout-flex\" style=\"min-height:100%\">\n<p class=\"has-x-large-font-size\" style=\"line-height:1.2\">Gemeinden sind an vorderster Front, wenn es darum geht, sich auf die bereits sp\u00fcrbaren Auswirkungen wie extreme Wetterereignisse, steigende Temperaturen und ver\u00e4nderte Niederschlagsmuster vorzubereiten.<\/p>\n\n\n\n<div class=\"wp-block-group has-global-padding is-content-justification-left is-layout-constrained wp-container-core-group-is-layout-9fe8ed88 wp-block-group-is-layout-constrained\"><\/div>\n<\/div>\n<\/div>\n\n\n\n<div class=\"wp-block-column is-vertically-aligned-center is-layout-flow wp-block-column-is-layout-flow\" style=\"flex-basis:50%\">\n<figure class=\"wp-block-image size-large is-style-rounded wp-duotone-unset-2 is-style-rounded--1\"><img loading=\"lazy\" decoding=\"async\" width=\"1024\" height=\"768\" src=\"https:\/\/klimafittegemeinde.com\/wp-content\/uploads\/2023\/12\/Prutz-1024x768.jpeg\" alt=\"\" class=\"wp-image-32\" style=\"aspect-ratio:3\/4;object-fit:cover\" srcset=\"https:\/\/klimafittegemeinde.com\/wp-content\/uploads\/2023\/12\/Prutz-1024x768.jpeg 1024w, https:\/\/klimafittegemeinde.com\/wp-content\/uploads\/2023\/12\/Prutz-300x225.jpeg 300w, https:\/\/klimafittegemeinde.com\/wp-content\/uploads\/2023\/12\/Prutz-768x576.jpeg 768w, https:\/\/klimafittegemeinde.com\/wp-content\/uploads\/2023\/12\/Prutz-1536x1152.jpeg 1536w, https:\/\/klimafittegemeinde.com\/wp-content\/uploads\/2023\/12\/Prutz-2048x1536.jpeg 2048w\" sizes=\"auto, (max-width: 1024px) 100vw, 1024px\" \/><\/figure>\n<\/div>\n<\/div>\n<\/div>\n\n\n\n<div class=\"wp-block-group alignfull has-base-background-color has-background has-global-padding is-layout-constrained wp-container-core-group-is-layout-d89aad35 wp-block-group-is-layout-constrained\" style=\"margin-top:0;margin-bottom:0;padding-top:var(--wp--preset--spacing--50);padding-right:var(--wp--preset--spacing--50);padding-bottom:var(--wp--preset--spacing--50);padding-left:var(--wp--preset--spacing--50)\">\n<div class=\"wp-block-columns alignwide is-layout-flex wp-container-core-columns-is-layout-549b0c86 wp-block-columns-is-layout-flex\">\n<div class=\"wp-block-column has-global-padding is-content-justification-left is-layout-constrained wp-container-core-column-is-layout-4f15e8fe wp-block-column-is-layout-constrained\" style=\"flex-basis:40%\"><\/div>\n\n\n\n<div class=\"wp-block-column is-layout-flow wp-container-core-column-is-layout-119bc444 wp-block-column-is-layout-flow\" style=\"flex-basis:60%\">\n<h2 class=\"wp-block-heading has-x-large-font-size\">Ausgangssituation<\/h2>\n\n\n\n<div class=\"wp-block-columns is-layout-flex wp-container-core-columns-is-layout-87beb0d0 wp-block-columns-is-layout-flex\">\n<div class=\"wp-block-column is-layout-flow wp-block-column-is-layout-flow\">\n<p class=\"wp-container-content-9cfa9a5a\">Die im Alpenraum notwendigen Anpassungen an den Klimawandel sind vielf\u00e4ltig und herausfordernd. Die Gemeinde Prutz m\u00f6chte sich dieser zentralen Zukunftsaufgabe mit einem Kommunikations- und Beteiligungsprojekt stellen. Ziel ist es, gemeinsam mit der Bev\u00f6lkerung wirksame Ma\u00dfnahmen zur Verhaltens\u00e4nderung zu entwickeln.<\/p>\n<\/div>\n\n\n\n<div class=\"wp-block-column is-layout-flow wp-block-column-is-layout-flow\">\n<p><\/p>\n<\/div>\n<\/div>\n<\/div>\n<\/div>\n<\/div>\n\n\n\n<div class=\"wp-block-group alignfull has-accent-background-color has-background has-global-padding is-layout-constrained wp-container-core-group-is-layout-d89aad35 wp-block-group-is-layout-constrained\" style=\"margin-top:0;margin-bottom:0;padding-top:var(--wp--preset--spacing--50);padding-right:var(--wp--preset--spacing--50);padding-bottom:var(--wp--preset--spacing--50);padding-left:var(--wp--preset--spacing--50)\">\n<div class=\"wp-block-columns alignwide are-vertically-aligned-center is-layout-flex wp-container-core-columns-is-layout-1da03c2a wp-block-columns-is-layout-flex\">\n<div class=\"wp-block-column is-vertically-aligned-center is-layout-flow wp-block-column-is-layout-flow\" style=\"flex-basis:60%\">\n<figure class=\"wp-block-image size-full is-style-rounded wp-duotone-unset-4 is-style-rounded--3\"><img loading=\"lazy\" decoding=\"async\" width=\"2100\" height=\"1575\" src=\"https:\/\/klimafittegemeinde.com\/wp-content\/uploads\/2023\/12\/IMG_6455.jpeg\" alt=\"\" class=\"wp-image-36\" style=\"aspect-ratio:4\/3;object-fit:cover\" srcset=\"https:\/\/klimafittegemeinde.com\/wp-content\/uploads\/2023\/12\/IMG_6455.jpeg 2100w, https:\/\/klimafittegemeinde.com\/wp-content\/uploads\/2023\/12\/IMG_6455-300x225.jpeg 300w, https:\/\/klimafittegemeinde.com\/wp-content\/uploads\/2023\/12\/IMG_6455-1024x768.jpeg 1024w, https:\/\/klimafittegemeinde.com\/wp-content\/uploads\/2023\/12\/IMG_6455-768x576.jpeg 768w, https:\/\/klimafittegemeinde.com\/wp-content\/uploads\/2023\/12\/IMG_6455-1536x1152.jpeg 1536w, https:\/\/klimafittegemeinde.com\/wp-content\/uploads\/2023\/12\/IMG_6455-2048x1536.jpeg 2048w\" sizes=\"auto, (max-width: 2100px) 100vw, 2100px\" \/><\/figure>\n<\/div>\n\n\n\n<div class=\"wp-block-column is-vertically-aligned-center is-layout-flow wp-block-column-is-layout-flow\" style=\"flex-basis:40%\">\n<h2 class=\"wp-block-heading\">Herausforderungen aufzeigen<\/h2>\n\n\n\n<p>Im Zusammenwirken mit einem aktuell stattfindenden landwirtschaftlichen Anpassungsprojekts (Beregnungsanlage Prutz), sollen der gesamten Bev\u00f6lkerung die Auswirkungen des Klimawandels im Alpenraum veranschaulicht werden. Der direkte Bezug zum Lebensraum Prutz soll hergestellt werden und veranschaulichen, dass Klimaschutz und Anpassungsma\u00dfnahmen jeden von uns betreffen.<\/p>\n<\/div>\n<\/div>\n<\/div>\n\n\n\n<div class=\"wp-block-group alignfull has-base-background-color has-background has-global-padding is-layout-constrained wp-container-core-group-is-layout-d89aad35 wp-block-group-is-layout-constrained\" style=\"margin-top:0;margin-bottom:0;padding-top:var(--wp--preset--spacing--50);padding-right:var(--wp--preset--spacing--50);padding-bottom:var(--wp--preset--spacing--50);padding-left:var(--wp--preset--spacing--50)\">\n<div class=\"wp-block-columns alignwide is-layout-flex wp-container-core-columns-is-layout-549b0c86 wp-block-columns-is-layout-flex\">\n<div class=\"wp-block-column has-global-padding is-content-justification-left is-layout-constrained wp-container-core-column-is-layout-4f15e8fe wp-block-column-is-layout-constrained\" style=\"flex-basis:40%\"><\/div>\n\n\n\n<div class=\"wp-block-column is-layout-flow wp-container-core-column-is-layout-119bc444 wp-block-column-is-layout-flow\" style=\"flex-basis:60%\">\n<h2 class=\"wp-block-heading has-x-large-font-size\">Perspektiven geben<\/h2>\n\n\n\n<div class=\"wp-block-columns is-layout-flex wp-container-core-columns-is-layout-87beb0d0 wp-block-columns-is-layout-flex\">\n<div class=\"wp-block-column is-layout-flow wp-block-column-is-layout-flow\">\n<p>Mit der Bev\u00f6lkerung werden notwendige Ma\u00dfnahmen (Verhaltens\u00e4nderungen, usw.) diskutiert, erarbeitet und dokumentiert. Das landwirtschaftliche Projekt eignet sich sehr gut dazu, Perspektiven aufzuzeigen und deutlich zu machen, dass Anpassungsma\u00dfnahmen notwendig sind, ganzheitlich erarbeitet werden m\u00fcssen und nur in Kooperation mit allen gesellschaftlichen Ebenen wirksam umgesetzt werden k\u00f6nnen.<\/p>\n<\/div>\n\n\n\n<div class=\"wp-block-column is-layout-flow wp-block-column-is-layout-flow\">\n<p><\/p>\n<\/div>\n<\/div>\n<\/div>\n<\/div>\n<\/div>\n\n\n\n<div class=\"wp-block-group alignfull has-accent-background-color has-background has-global-padding is-layout-constrained wp-container-core-group-is-layout-d89aad35 wp-block-group-is-layout-constrained\" style=\"margin-top:0;margin-bottom:0;padding-top:var(--wp--preset--spacing--50);padding-right:var(--wp--preset--spacing--50);padding-bottom:var(--wp--preset--spacing--50);padding-left:var(--wp--preset--spacing--50)\">\n<div class=\"wp-block-columns alignwide are-vertically-aligned-center is-layout-flex wp-container-core-columns-is-layout-47c06fe3 wp-block-columns-is-layout-flex\">\n<div class=\"wp-block-column is-vertically-aligned-center is-layout-flow wp-block-column-is-layout-flow\" style=\"flex-basis:50%\">\n<h2 class=\"wp-block-heading\">Ziele<\/h2>\n\n\n\n<p>Ziel des Projektes ist es, das Bewusstsein f\u00fcr die Thematik in der Bev\u00f6lkerung zu st\u00e4rken und anhand eines konkreten Projekts aufzuzeigen, vor welchen Herausforderungen wir stehen, wie wir gemeinsam aktiv werden k\u00f6nnen und welche Perspektiven und Chancen sich daraus ergeben.<\/p>\n\n\n\n<ul style=\"line-height:1.75\" class=\"is-style-checkmark-list wp-block-list\">\n<li>Ziel ist es, eine <strong>Steuerungsgruppe<\/strong> zu etablieren, die unterschiedliche Bereiche der Gesellschaft abbildet, mi hilft einzelne Bev\u00f6lkerungsgruppen kommunikativ zu erreichen und das Projekt inhaltlich und zeitlich steuert.<\/li>\n\n\n\n<li>Ziel ist es, <strong>Kommunikationsstrukturen<\/strong> aufzubauen, mit denen Jung und Alt in der Gemeinde erreicht werden k\u00f6nnen.<\/li>\n\n\n\n<li>Ziel ist es, ausgehend von einer <strong>Online-Diskussion<\/strong> eine Veranstaltung zu organisieren, zu moderieren und zu dokumentieren, in der mit der Bev\u00f6lkerung Perspektiven und notwendige Ma\u00dfnahmen erarbeitet werden.<\/li>\n\n\n\n<li>Ziel ist es, den Ablauf und die Ergebnisse des Projekts in einer <strong>Dokumentation<\/strong> zusammenzufassen.<\/li>\n<\/ul>\n<\/div>\n\n\n\n<div class=\"wp-block-column is-vertically-aligned-center is-layout-flow wp-block-column-is-layout-flow\" style=\"flex-basis:50%\">\n<figure class=\"wp-block-image size-full is-style-rounded is-style-rounded--5\"><img loading=\"lazy\" decoding=\"async\" width=\"2100\" height=\"1575\" src=\"https:\/\/klimafittegemeinde.com\/wp-content\/uploads\/2023\/12\/energie.jpg\" alt=\"\" class=\"wp-image-114\" style=\"aspect-ratio:4\/3;object-fit:cover\" srcset=\"https:\/\/klimafittegemeinde.com\/wp-content\/uploads\/2023\/12\/energie.jpg 2100w, https:\/\/klimafittegemeinde.com\/wp-content\/uploads\/2023\/12\/energie-300x225.jpg 300w, https:\/\/klimafittegemeinde.com\/wp-content\/uploads\/2023\/12\/energie-1024x768.jpg 1024w, https:\/\/klimafittegemeinde.com\/wp-content\/uploads\/2023\/12\/energie-768x576.jpg 768w, https:\/\/klimafittegemeinde.com\/wp-content\/uploads\/2023\/12\/energie-1536x1152.jpg 1536w, https:\/\/klimafittegemeinde.com\/wp-content\/uploads\/2023\/12\/energie-2048x1536.jpg 2048w\" sizes=\"auto, (max-width: 2100px) 100vw, 2100px\" \/><\/figure>\n<\/div>\n<\/div>\n<\/div>\n","protected":false},"excerpt":{"rendered":"<p>Gemeinden sind an vorderster Front, wenn es darum geht, sich auf die bereits sp\u00fcrbaren Auswirkungen wie extreme Wetterereignisse, steigende Temperaturen und ver\u00e4nderte Niederschlagsmuster vorzubereiten. Ausgangssituation Die im Alpenraum notwendigen Anpassungen an den Klimawandel sind vielf\u00e4ltig und herausfordernd. Die Gemeinde Prutz m\u00f6chte sich dieser zentralen Zukunftsaufgabe mit einem Kommunikations- und Beteiligungsprojekt stellen. Ziel ist es, gemeinsam [&hellip;]<\/p>\n","protected":false},"author":1,"featured_media":0,"parent":0,"menu_order":0,"comment_status":"closed","ping_status":"closed","template":"","meta":{"footnotes":""},"class_list":["post-11","page","type-page","status-publish","hentry"],"_links":{"self":[{"href":"https:\/\/klimafittegemeinde.com\/index.php?rest_route=\/wp\/v2\/pages\/11","targetHints":{"allow":["GET"]}}],"collection":[{"href":"https:\/\/klimafittegemeinde.com\/index.php?rest_route=\/wp\/v2\/pages"}],"about":[{"href":"https:\/\/klimafittegemeinde.com\/index.php?rest_route=\/wp\/v2\/types\/page"}],"author":[{"embeddable":true,"href":"https:\/\/klimafittegemeinde.com\/index.php?rest_route=\/wp\/v2\/users\/1"}],"replies":[{"embeddable":true,"href":"https:\/\/klimafittegemeinde.com\/index.php?rest_route=%2Fwp%2Fv2%2Fcomments&post=11"}],"version-history":[{"count":17,"href":"https:\/\/klimafittegemeinde.com\/index.php?rest_route=\/wp\/v2\/pages\/11\/revisions"}],"predecessor-version":[{"id":120,"href":"https:\/\/klimafittegemeinde.com\/index.php?rest_route=\/wp\/v2\/pages\/11\/revisions\/120"}],"wp:attachment":[{"href":"https:\/\/klimafittegemeinde.com\/index.php?rest_route=%2Fwp%2Fv2%2Fmedia&parent=11"}],"curies":[{"name":"wp","href":"https:\/\/api.w.org\/{rel}","templated":true}]}}